{"id":550,"date":"2017-02-04T01:15:18","date_gmt":"2017-02-04T00:15:18","guid":{"rendered":"http:\/\/www.avocat-benefice.fr\/?page_id=550"},"modified":"2018-04-25T18:52:30","modified_gmt":"2018-04-25T16:52:30","slug":"mentions-legales","status":"publish","type":"page","link":"https:\/\/www.avocat-benefice.fr\/index.php\/mentions-legales\/","title":{"rendered":"Mentions l\u00e9gales"},"content":{"rendered":"[et_pb_section bb_built=&#8221;1&#8243; admin_label=&#8221;section&#8221; fullwidth=&#8221;on&#8221; specialty=&#8221;off&#8221; next_background_color=&#8221;#000000&#8243;][et_pb_fullwidth_slider show_arrows=&#8221;on&#8221; show_pagination=&#8221;on&#8221; auto=&#8221;off&#8221; parallax=&#8221;on&#8221; auto_ignore_hover=&#8221;off&#8221; parallax_method=&#8221;off&#8221; remove_inner_shadow=&#8221;off&#8221; background_position=&#8221;default&#8221; background_size=&#8221;default&#8221; hide_content_on_mobile=&#8221;off&#8221; hide_cta_on_mobile=&#8221;off&#8221; show_image_video_mobile=&#8221;off&#8221; custom_button=&#8221;off&#8221; button_letter_spacing=&#8221;0&#8243; button_use_icon=&#8221;default&#8221; button_icon_placement=&#8221;right&#8221; button_on_hover=&#8221;on&#8221; button_letter_spacing_hover=&#8221;0&#8243; custom_padding=&#8221;|||&#8221; custom_padding_tablet=&#8221;|||&#8221; custom_padding_phone=&#8221;|||&#8221; show_inner_shadow=&#8221;on&#8221; show_content_on_mobile=&#8221;on&#8221; show_cta_on_mobile=&#8221;on&#8221; box_shadow_horizontal=&#8221;0px&#8221; box_shadow_vertical=&#8221;0px&#8221; box_shadow_blur=&#8221;10px&#8221; box_shadow_spread=&#8221;0px&#8221; box_shadow_position=&#8221;inner&#8221; box_shadow_color=&#8221;rgba(0,0,0,0.1)&#8221; box_shadow_style=&#8221;preset6&#8243;][et_pb_slide heading=&#8221;CABINET LUDIVINE BENEFICE&#8221; background_image=&#8221;http:\/\/www.avocat-benefice.fr\/wp-content\/uploads\/2017\/02\/coffee-1276784.jpg&#8221; background_color=&#8221;#ffffff&#8221; alignment=&#8221;center&#8221; background_layout=&#8221;dark&#8221; background_position=&#8221;default&#8221; background_size=&#8221;default&#8221; use_bg_overlay=&#8221;off&#8221; use_text_overlay=&#8221;off&#8221; allow_player_pause=&#8221;off&#8221; text_border_radius=&#8221;3&#8243; header_font_select=&#8221;default&#8221; header_font=&#8221;|on|||&#8221; body_font_select=&#8221;default&#8221; body_font=&#8221;||||&#8221; custom_button=&#8221;off&#8221; button_font_select=&#8221;default&#8221; button_font=&#8221;||||&#8221; button_use_icon=&#8221;default&#8221; button_icon_placement=&#8221;right&#8221; button_on_hover=&#8221;on&#8221; header_font_size=&#8221;52&#8243; header_font_size_tablet=&#8221;52&#8243; header_font_size_phone=&#8221;32&#8243; header_font_size_last_edited=&#8221;on|phone&#8221;]\n<p>Aix-en-Provence<\/p>\n[\/et_pb_slide][\/et_pb_fullwidth_slider][\/et_pb_section][et_pb_section bb_built=&#8221;1&#8243; fullwidth=&#8221;off&#8221; specialty=&#8221;off&#8221; prev_background_color=&#8221;#000000&#8243;][et_pb_row admin_label=&#8221;Ligne&#8221; background_position=&#8221;top_left&#8221; background_repeat=&#8221;repeat&#8221; background_size=&#8221;initial&#8221;][et_pb_column type=&#8221;4_4&#8243;][et_pb_text admin_label=&#8221;Texte&#8221; background_layout=&#8221;light&#8221; text_orientation=&#8221;left&#8221; use_border_color=&#8221;off&#8221; border_color=&#8221;#ffffff&#8221; border_style=&#8221;solid&#8221; background_position=&#8221;top_left&#8221; background_repeat=&#8221;repeat&#8221; background_size=&#8221;initial&#8221; _builder_version=&#8221;3.1.1&#8243;]\n<p class=\"p1\"><span class=\"s1\"><b>Mentions l\u00e9gales<\/b><\/span><\/p>\n<p class=\"p2\"><span class=\"s1\"><b>Informations l\u00e9gales<\/b><\/span><\/p>\n<p class=\"p3\"><span class=\"s1\">Le Site internet, accessible \u00e0 partir de l\u2019adresse <a href=\"http:\/\/www.avocat-benefice.fr\/\"><span class=\"s2\">http:\/\/www.avocat-benefice.fr<\/span><\/a>, est \u00e9dit\u00e9 par :<\/span><\/p>\n<p class=\"p3\"><span class=\"s1\">Ludivine BENEFICE<\/span><\/p>\n<p class=\"p3\"><span class=\"s1\">6 rue CHASTEL<\/span><\/p>\n<p class=\"p3\"><span class=\"s1\">13100 Aix-en-Provence<\/span><\/p>\n<p class=\"p3\"><span class=\"s1\">T\u00e9l\u00e9phone : +33 6 99 67 75 84<\/span><\/p>\n<p class=\"p3\"><span class=\"s1\">Fax : +33 4 82 79 93 91<\/span><\/p>\n<p class=\"p4\"><span class=\"s3\">Courriel :\u00a0<a href=\"mailto:lbenefice.avocat@gmail.com\"><span class=\"s4\">lbenefice.avocat@gmail.com<\/span><\/a><\/span><\/p>\n<p class=\"p3\"><span class=\"s1\">Le responsable de la publication est Ludivine BENEFICE.<\/span><\/p>\n<p class=\"p3\"><span class=\"s1\">Le Site internet est h\u00e9berg\u00e9 par :<\/span><\/p>\n<p class=\"p5\"><span class=\"s1\">OVH<br \/>\n2 rue Kellermann<br \/>\n59100 Roubaix<br \/>\nT\u00e9l\u00e9phone : +33 9 72 10 10 07<\/span><\/p>\n<p class=\"p3\"><span class=\"s1\">En acc\u00e9dant et en naviguant sur ce site, vous \u00eates inform\u00e9 de vos\u00a0droits et obligations et vous acceptez pleinement de vous conformer aux pr\u00e9sentes conditions d\u2019utilisation du site. Ces conditions peuvent \u00eatre mises \u00e0 jour depuis votre derni\u00e8re connexion au site. Vous \u00eates donc invit\u00e9 \u00e0 consulter les mentions\u00a0vis\u00e9es ci-dessous \u00e0 l\u2019occasion de\u00a0chaque connexion au site.<\/span><\/p>\n<p class=\"p3\"><span class=\"s1\"><b>Droit de reproduction :<\/b>\u00a0En acc\u00e9dant au site publi\u00e9 par le Cabinet BENEFICE, vous acceptez de vous conformer au Code de la Propri\u00e9t\u00e9 intellectuelle fran\u00e7ais et, plus g\u00e9n\u00e9ralement, aux trait\u00e9s et accords internationaux comportant des dispositions relatives \u00e0 la protection des droits d\u2019auteur, de cr\u00e9ations et mod\u00e8les et\/ou de marques. La\u00a0violation de l\u2019un des droits de l\u2019auteur est un d\u00e9lit de contrefa\u00e7on qui est sanctionn\u00e9 par l\u2019article L.335-2 du Code de la Propri\u00e9t\u00e9 intellectuelle.<\/span><\/p>\n<p class=\"p3\"><span class=\"s1\">Responsabilit\u00e9s: Les \u00e9ventuels liens hypertexte pr\u00e9sents sur le site du Cabinet BENEFICE orientant les utilisateurs vers d\u2019autres sites Internet n\u2019engagent pas la responsabilit\u00e9 du Cabinet BENEFICE quant au contenu de ces autres sites. Le Cabinet ne pourra \u00eatre tenu pour responsable de tout dommage direct ou indirect ou cons\u00e9cutif \u00e0 la diffusion par une\u00a0tierce personne d\u2019un virus transmis par l\u2019interm\u00e9diaire de notre site et susceptible d\u2019infecter votre\u00a0syst\u00e8me informatique ou la configuration\u00a0informatique de votre ordinateur \u00e0 la suite de votre connexion \u00e0 ce site ou \u00e0 la navigation sur ce site ou au t\u00e9l\u00e9chargement de tout ou partie de son contenu. La Cabinet BENEFICE ne saurait \u00eatre responsable des informations erron\u00e9es ou des omissions pouvant\u00a0appara\u00eetre.<\/span><\/p>\n<p class=\"p2\"><span class=\"s1\"><b>M\u00e9diateur de la consommation<\/b><\/span><\/p>\n<p class=\"p3\"><span class=\"s1\">Conform\u00e9ment aux dispositions des articles L.152-1 et suivants du Code de la consommation, vous avez la possibilit\u00e9, en cas de litige avec un avocat, de recourir gratuitement au M\u00e9diateur de la consommation (en l\u2019occurrence: le M\u00e9diateur national pr\u00e8s du Conseil National des Barreaux (CNB)) dont les coordonn\u00e9es sont les suivantes : CNB, M\u00e9diateur \u00e0 la consommation, 22 rue de Londres, 75009 Paris.<\/span><\/p>\n<p class=\"p2\"><span class=\"s1\"><b>Protection des donn\u00e9es personnelles<\/b><\/span><\/p>\n<p class=\"p8\"><span class=\"s3\">Conform\u00e9ment <\/span><span class=\"s5\">aux dispositions de l\u2019article 22 de<\/span><span class=\"s3\"> la loi n\u00b078-17 du 6 janvier 1978 modifi\u00e9e par la loi n\u00b02004-801 du 6 ao\u00fbt, <\/span><span class=\"s1\">les traitements de donn\u00e9es personnelles collect\u00e9es \u00e0 partir du Site internet ont fait l\u2019objet d\u2019une d\u00e9claration pr\u00e9alable en France aupr\u00e8s de la Commission Nationale de l\u2019Informatique et des Libert\u00e9s enregistr\u00e9e sous le num\u00e9ro \u00a0.<\/span><\/p>\n<p class=\"p3\"><span class=\"s1\">Les nom, pr\u00e9nom, adresse courriel et num\u00e9ro de t\u00e9l\u00e9phone de l\u2019Utilisateur, sollicit\u00e9es en vue de son identification, sont les seules informations \u00e0 caract\u00e8re personnel (ci-apr\u00e8s les \u201cDonn\u00e9es \u00e0 caract\u00e8re personnel\u201d) susceptibles d\u2019\u00eatre collect\u00e9es au moyen du Site internet et trait\u00e9es par Ludivine BENEFICE. Toute autre donn\u00e9e \u00e0 caract\u00e8re personnel est facultative et fournie volontairement par l\u2019Utilisateur dans son courriel.<\/span><\/p>\n<p class=\"p3\"><span class=\"s1\">Les Donn\u00e9es \u00e0 caract\u00e8re personnel ne sont utilis\u00e9es qu\u2019aux seules fins de r\u00e9pondre aux courriels adress\u00e9s \u00e0 Ludivine BENEFICE Avocat et ne sont conserv\u00e9es que pendant la dur\u00e9e n\u00e9cessaire pour pourvoir \u00e0 ces finalit\u00e9s.<\/span><\/p>\n<p class=\"p3\"><span class=\"s1\">Le responsable des traitements des Donn\u00e9es \u00e0 caract\u00e8re personnel est Ludivine BENEFICE, pour son propre compte.<\/span><\/p>\n<p class=\"p3\"><span class=\"s1\">Chaque Utilisateur justifiant de son identit\u00e9 peut exiger que les Donn\u00e9es \u00e0 caract\u00e8re personnel le concernant lui soient communiqu\u00e9es ou qu\u2019elles soient, selon les cas, rectifi\u00e9es, compl\u00e9t\u00e9es, mises \u00e0 jour ou effac\u00e9es. Chaque Utilisateur justifiant de son identit\u00e9 peut \u00e9galement s\u2019opposer au traitement des Donn\u00e9es \u00e0 caract\u00e8re personnel le concernant pour des motifs l\u00e9gitimes. Les droits de chaque Utilisateur rappel\u00e9s ci-dessus s\u2019exercent en \u00e9crivant \u00e0 <a href=\"mailto:lbenefice.avocat@gmail.com\"><span class=\"s2\">lbenefice.avocat@gmail.com<\/span><\/a>\u00a0ou \u00e0 l\u2019adresse suivante : Ludivine BENEFICE, 6 rue CHASTEL &#8211; 13100 Aix-en-Provence, France.<\/span><\/p>\n[\/et_pb_text][\/et_pb_column][\/et_pb_row][\/et_pb_section]\n","protected":false},"excerpt":{"rendered":"<p>[et_pb_section bb_built=&#8221;1&#8243; admin_label=&#8221;section&#8221; fullwidth=&#8221;on&#8221; specialty=&#8221;off&#8221; next_background_color=&#8221;#000000&#8243;][et_pb_fullwidth_slider show_arrows=&#8221;on&#8221; show_pagination=&#8221;on&#8221; auto=&#8221;off&#8221; parallax=&#8221;on&#8221; auto_ignore_hover=&#8221;off&#8221; parallax_method=&#8221;off&#8221; remove_inner_shadow=&#8221;off&#8221; background_position=&#8221;default&#8221; background_size=&#8221;default&#8221; hide_content_on_mobile=&#8221;off&#8221; hide_cta_on_mobile=&#8221;off&#8221; show_image_video_mobile=&#8221;off&#8221; custom_button=&#8221;off&#8221; button_letter_spacing=&#8221;0&#8243; button_use_icon=&#8221;default&#8221; button_icon_placement=&#8221;right&#8221; button_on_hover=&#8221;on&#8221; button_letter_spacing_hover=&#8221;0&#8243; custom_padding=&#8221;|||&#8221; custom_padding_tablet=&#8221;|||&#8221; custom_padding_phone=&#8221;|||&#8221; show_inner_shadow=&#8221;on&#8221; show_content_on_mobile=&#8221;on&#8221; show_cta_on_mobile=&#8221;on&#8221; box_shadow_horizontal=&#8221;0px&#8221; box_shadow_vertical=&#8221;0px&#8221; box_shadow_blur=&#8221;10px&#8221; box_shadow_spread=&#8221;0px&#8221; box_shadow_position=&#8221;inner&#8221; box_shadow_color=&#8221;rgba(0,0,0,0.1)&#8221; box_shadow_style=&#8221;preset6&#8243;][et_pb_slide heading=&#8221;CABINET LUDIVINE BENEFICE&#8221; background_image=&#8221;http:\/\/www.avocat-benefice.fr\/wp-content\/uploads\/2017\/02\/coffee-1276784.jpg&#8221; background_color=&#8221;#ffffff&#8221; alignment=&#8221;center&#8221; background_layout=&#8221;dark&#8221; background_position=&#8221;default&#8221; background_size=&#8221;default&#8221; use_bg_overlay=&#8221;off&#8221; use_text_overlay=&#8221;off&#8221; allow_player_pause=&#8221;off&#8221; text_border_radius=&#8221;3&#8243; header_font_select=&#8221;default&#8221; header_font=&#8221;|on|||&#8221; body_font_select=&#8221;default&#8221; body_font=&#8221;||||&#8221; custom_button=&#8221;off&#8221; [&hellip;]<\/p>\n","protected":false},"author":1,"featured_media":0,"parent":0,"menu_order":0,"comment_status":"closed","ping_status":"closed","template":"","meta":[],"_links":{"self":[{"href":"https:\/\/www.avocat-benefice.fr\/index.php\/wp-json\/wp\/v2\/pages\/550"}],"collection":[{"href":"https:\/\/www.avocat-benefice.fr\/index.php\/wp-json\/wp\/v2\/pages"}],"about":[{"href":"https:\/\/www.avocat-benefice.fr\/index.php\/wp-json\/wp\/v2\/types\/page"}],"author":[{"embeddable":true,"href":"https:\/\/www.avocat-benefice.fr\/index.php\/wp-json\/wp\/v2\/users\/1"}],"replies":[{"embeddable":true,"href":"https:\/\/www.avocat-benefice.fr\/index.php\/wp-json\/wp\/v2\/comments?post=550"}],"version-history":[{"count":13,"href":"https:\/\/www.avocat-benefice.fr\/index.php\/wp-json\/wp\/v2\/pages\/550\/revisions"}],"predecessor-version":[{"id":1203,"href":"https:\/\/www.avocat-benefice.fr\/index.php\/wp-json\/wp\/v2\/pages\/550\/revisions\/1203"}],"wp:attachment":[{"href":"https:\/\/www.avocat-benefice.fr\/index.php\/wp-json\/wp\/v2\/media?parent=550"}],"curies":[{"name":"wp","href":"https:\/\/api.w.org\/{rel}","templated":true}]}}