{"id":559,"date":"2017-02-04T01:21:21","date_gmt":"2017-02-04T00:21:21","guid":{"rendered":"http:\/\/www.avocat-benefice.fr\/?page_id=559"},"modified":"2018-04-25T19:36:28","modified_gmt":"2018-04-25T17:36:28","slug":"droit-des-contrats-2","status":"publish","type":"page","link":"https:\/\/www.avocat-benefice.fr\/index.php\/droit-des-contrats-2\/","title":{"rendered":"Droit des contrats"},"content":{"rendered":"[et_pb_section fb_built=&#8221;1&#8243; fullwidth=&#8221;on&#8221; admin_label=&#8221;section&#8221; _builder_version=&#8221;3.0.47&#8243; transparent_background=&#8221;off&#8221;][et_pb_fullwidth_slider admin_label=&#8221;Fullwidth Slider&#8221; _builder_version=&#8221;3.0.47&#8243; header_text_color=&#8221;#000000&#8243; header_font_size=&#8221;49&#8243; background_size=&#8221;default&#8221; background_position=&#8221;default&#8221; box_shadow_style=&#8221;preset6&#8243; box_shadow_blur=&#8221;10px&#8221; box_shadow_color=&#8221;rgba(0,0,0,0.1)&#8221; custom_padding=&#8221;|||&#8221; custom_padding_tablet=&#8221;|||&#8221; custom_padding_phone=&#8221;|||&#8221; remove_inner_shadow=&#8221;off&#8221; hide_content_on_mobile=&#8221;off&#8221; hide_cta_on_mobile=&#8221;off&#8221; show_inner_shadow=&#8221;on&#8221;][et_pb_slide heading=&#8221;S&#8217;ENGAGER EN TOUTE TRANQUILIT\u00c9&#8221; button_text=&#8221;En savoir plus&#8221; use_bg_overlay=&#8221;off&#8221; use_text_overlay=&#8221;off&#8221; _builder_version=&#8221;3.0.47&#8243; header_font=&#8221;|on|||&#8221; header_text_color=&#8221;#ffffff&#8221; header_font_size=&#8221;80&#8243; header_font_size_tablet=&#8221;80&#8243; header_font_size_phone=&#8221;33&#8243; header_font_size_last_edited=&#8221;on|phone&#8221; body_font=&#8221;||||&#8221; background_image=&#8221;http:\/\/www.avocat-benefice.fr\/wp-content\/uploads\/2017\/02\/signature-389933.jpg&#8221; background_size=&#8221;default&#8221; background_position=&#8221;default&#8221; button_icon_placement=&#8221;right&#8221; button_on_hover=&#8221;on&#8221;] [\/et_pb_slide][\/et_pb_fullwidth_slider][\/et_pb_section][et_pb_section fb_built=&#8221;1&#8243; admin_label=&#8221;section&#8221; _builder_version=&#8221;3.0.47&#8243; transparent_background=&#8221;off&#8221;][et_pb_row admin_label=&#8221;row&#8221; _builder_version=&#8221;3.0.47&#8243; background_size=&#8221;initial&#8221; background_position=&#8221;top_left&#8221; background_repeat=&#8221;repeat&#8221;][et_pb_column type=&#8221;1_4&#8243; _builder_version=&#8221;3.0.47&#8243; parallax=&#8221;off&#8221; parallax_method=&#8221;on&#8221;][et_pb_blurb title=&#8221;Contrats&#8221; image=&#8221;http:\/\/www.avocat-benefice.fr\/wp-content\/uploads\/2017\/02\/contract-4.png&#8221; admin_label=&#8221;Blurb&#8221; _builder_version=&#8221;3.0.47&#8243; background_size=&#8221;initial&#8221; background_position=&#8221;top_left&#8221; background_repeat=&#8221;repeat&#8221; text_orientation=&#8221;center&#8221; use_border_color=&#8221;off&#8221; border_color=&#8221;#ffffff&#8221; border_width=&#8221;1px&#8221; border_style=&#8221;solid&#8221;][\/et_pb_blurb][\/et_pb_column][et_pb_column type=&#8221;1_4&#8243; _builder_version=&#8221;3.0.47&#8243; parallax=&#8221;off&#8221; parallax_method=&#8221;on&#8221;][et_pb_blurb title=&#8221;CGV CGU&#8221; image=&#8221;http:\/\/www.avocat-benefice.fr\/wp-content\/uploads\/2017\/02\/check-list-1.png&#8221; admin_label=&#8221;Blurb&#8221; _builder_version=&#8221;3.0.47&#8243; background_size=&#8221;initial&#8221; background_position=&#8221;top_left&#8221; background_repeat=&#8221;repeat&#8221; text_orientation=&#8221;center&#8221; use_border_color=&#8221;off&#8221; border_color=&#8221;#ffffff&#8221; border_width=&#8221;1px&#8221; border_style=&#8221;solid&#8221;][\/et_pb_blurb][\/et_pb_column][et_pb_column type=&#8221;1_4&#8243; _builder_version=&#8221;3.0.47&#8243; parallax=&#8221;off&#8221; parallax_method=&#8221;on&#8221;][et_pb_blurb title=&#8221;Contentieux&#8221; image=&#8221;http:\/\/www.avocat-benefice.fr\/wp-content\/uploads\/2017\/02\/contract-5.png&#8221; admin_label=&#8221;Blurb&#8221; _builder_version=&#8221;3.0.47&#8243; background_size=&#8221;initial&#8221; background_position=&#8221;top_left&#8221; background_repeat=&#8221;repeat&#8221; text_orientation=&#8221;center&#8221; use_border_color=&#8221;off&#8221; border_color=&#8221;#ffffff&#8221; border_width=&#8221;1px&#8221; border_style=&#8221;solid&#8221;][\/et_pb_blurb][\/et_pb_column][et_pb_column type=&#8221;1_4&#8243; _builder_version=&#8221;3.0.47&#8243; parallax=&#8221;off&#8221; parallax_method=&#8221;on&#8221;][et_pb_blurb title=&#8221;Conseils&#8221; image=&#8221;http:\/\/www.avocat-benefice.fr\/wp-content\/uploads\/2017\/02\/faq-1.png&#8221; admin_label=&#8221;Blurb&#8221; _builder_version=&#8221;3.0.47&#8243; background_size=&#8221;initial&#8221; background_position=&#8221;top_left&#8221; background_repeat=&#8221;repeat&#8221; text_orientation=&#8221;center&#8221; use_border_color=&#8221;off&#8221; border_color=&#8221;#ffffff&#8221; border_width=&#8221;1px&#8221; border_style=&#8221;solid&#8221;][\/et_pb_blurb][\/et_pb_column][\/et_pb_row][\/et_pb_section][et_pb_section fb_built=&#8221;1&#8243; admin_label=&#8221;section&#8221; _builder_version=&#8221;3.1.1&#8243; transparent_background=&#8221;off&#8221; disabled_on=&#8221;on|on|on&#8221;][et_pb_row admin_label=&#8221;row&#8221; _builder_version=&#8221;3.0.47&#8243; background_size=&#8221;initial&#8221; background_position=&#8221;top_left&#8221; background_repeat=&#8221;repeat&#8221;][et_pb_column type=&#8221;4_4&#8243; _builder_version=&#8221;3.0.47&#8243; parallax=&#8221;off&#8221; parallax_method=&#8221;on&#8221;][et_pb_text admin_label=&#8221;Text&#8221; _builder_version=&#8221;3.0.47&#8243; background_size=&#8221;initial&#8221; background_position=&#8221;top_left&#8221; background_repeat=&#8221;repeat&#8221; use_border_color=&#8221;off&#8221; border_style=&#8221;solid&#8221;]\n<h2 style=\"text-align: center;\">Il nous font d\u00e9j\u00e0 confiance<\/h2>\n[\/et_pb_text][\/et_pb_column][\/et_pb_row][et_pb_row admin_label=&#8221;row&#8221; _builder_version=&#8221;3.0.47&#8243; background_size=&#8221;initial&#8221; background_position=&#8221;top_left&#8221; background_repeat=&#8221;repeat&#8221;][et_pb_column type=&#8221;1_2&#8243; _builder_version=&#8221;3.0.47&#8243; parallax=&#8221;off&#8221; parallax_method=&#8221;on&#8221;][et_pb_testimonial portrait_url=&#8221;http:\/\/www.avocat-benefice.fr\/wp-content\/uploads\/2017\/02\/thinking.png&#8221; admin_label=&#8221;Testimonial&#8221; _builder_version=&#8221;3.0.47&#8243; background_size=&#8221;initial&#8221; background_position=&#8221;top_left&#8221; background_repeat=&#8221;repeat&#8221; background_layout=&#8221;light&#8221; use_border_color=&#8221;off&#8221; border_style=&#8221;solid&#8221;]alors temoignage 1<br \/>\n[\/et_pb_testimonial][\/et_pb_column][et_pb_column type=&#8221;1_2&#8243; _builder_version=&#8221;3.0.47&#8243; parallax=&#8221;off&#8221; parallax_method=&#8221;on&#8221;][et_pb_testimonial portrait_url=&#8221;http:\/\/www.avocat-benefice.fr\/wp-content\/uploads\/2017\/02\/thinking.png&#8221; admin_label=&#8221;Testimonial&#8221; _builder_version=&#8221;3.0.47&#8243; background_size=&#8221;initial&#8221; background_position=&#8221;top_left&#8221; background_repeat=&#8221;repeat&#8221; background_layout=&#8221;light&#8221; use_border_color=&#8221;off&#8221; border_style=&#8221;solid&#8221;]alors temoignage 1<br \/>\n[\/et_pb_testimonial][\/et_pb_column][\/et_pb_row][\/et_pb_section][et_pb_section fb_built=&#8221;1&#8243; admin_label=&#8221;section&#8221; _builder_version=&#8221;3.0.47&#8243; background_color=&#8221;#353535&#8243; background_image=&#8221;http:\/\/www.avocat-benefice.fr\/wp-content\/uploads\/2017\/02\/FOND270.png&#8221; parallax=&#8221;on&#8221; parallax_method=&#8221;off&#8221; transparent_background=&#8221;off&#8221;][et_pb_row parallax_method_1=&#8221;off&#8221; admin_label=&#8221;row&#8221; _builder_version=&#8221;3.0.47&#8243; background_size=&#8221;initial&#8221; background_position=&#8221;top_left&#8221; background_repeat=&#8221;repeat&#8221;][et_pb_column type=&#8221;4_4&#8243; _builder_version=&#8221;3.0.47&#8243; parallax=&#8221;off&#8221; parallax_method=&#8221;off&#8221;][et_pb_text admin_label=&#8221;Text&#8221; _builder_version=&#8221;3.0.47&#8243; text_font_size=&#8221;27&#8243; background_size=&#8221;initial&#8221; background_position=&#8221;top_left&#8221; background_repeat=&#8221;repeat&#8221; text_orientation=&#8221;center&#8221; background_layout=&#8221;dark&#8221; module_alignment=&#8221;center&#8221; use_border_color=&#8221;off&#8221; border_style=&#8221;solid&#8221;]<strong>Droit des contrats<\/strong><br \/>\n[\/et_pb_text][et_pb_toggle title=&#8221;Contrat d&#8217;affaires&#8221; admin_label=&#8221;Toggle&#8221; _builder_version=&#8221;3.0.47&#8243; background_size=&#8221;initial&#8221; background_position=&#8221;top_left&#8221; background_repeat=&#8221;repeat&#8221; use_border_color=&#8221;off&#8221; border_color=&#8221;#ffffff&#8221; border_width=&#8221;1px&#8221; border_style=&#8221;solid&#8221;]\n<ul>\n<li>Contrat de franchise<\/li>\n<li>Contrat de pilotage<\/li>\n<li>Partenariats<\/li>\n<li>Contrat d&#8217;apporteur d&#8217;affaires<\/li>\n<li>Contrat d&#8217;agent commercial<\/li>\n<\/ul>\n[\/et_pb_toggle][et_pb_toggle title=&#8221;Conditions g\u00e9n\u00e9rales de vente &#038; d&#8217;utilisation&#8221; admin_label=&#8221;Toggle&#8221; _builder_version=&#8221;3.0.47&#8243; background_size=&#8221;initial&#8221; background_position=&#8221;top_left&#8221; background_repeat=&#8221;repeat&#8221; use_border_color=&#8221;off&#8221; border_color=&#8221;#ffffff&#8221; border_width=&#8221;1px&#8221; border_style=&#8221;solid&#8221;]\n<ul>\n<li>Conditions g\u00e9n\u00e9rales de vente &amp; conditions g\u00e9n\u00e9rales d&#8217;utilisation<\/li>\n<li>Conditions g\u00e9n\u00e9rales de vente<\/li>\n<li>Conditions g\u00e9n\u00e9rales d&#8217;utilisation<\/li>\n<li>Charte de confidentialit\u00e9<\/li>\n<\/ul>\n[\/et_pb_toggle][et_pb_toggle title=&#8221;Contrat de d\u00e9veloppement Web &#038; maintenance&#8221; admin_label=&#8221;Toggle&#8221; _builder_version=&#8221;3.0.47&#8243; background_size=&#8221;initial&#8221; background_position=&#8221;top_left&#8221; background_repeat=&#8221;repeat&#8221; use_border_color=&#8221;off&#8221; border_color=&#8221;#ffffff&#8221; border_width=&#8221;1px&#8221; border_style=&#8221;solid&#8221;]\n<ul>\n<li>Formulaire<\/li>\n<\/ul>\n[\/et_pb_toggle][\/et_pb_column][\/et_pb_row][et_pb_row parallax_method_1=&#8221;off&#8221; admin_label=&#8221;Ligne&#8221; _builder_version=&#8221;3.0.47&#8243; background_color=&#8221;rgba(255,255,255,0.1)&#8221; background_size=&#8221;initial&#8221; background_position=&#8221;top_left&#8221; background_repeat=&#8221;repeat&#8221;][et_pb_column type=&#8221;4_4&#8243; _builder_version=&#8221;3.0.47&#8243; parallax=&#8221;off&#8221; parallax_method=&#8221;off&#8221;][et_pb_cta title=&#8221;Prendre un rendez-vous&#8221; button_url=&#8221;http:\/\/www.avocat-benefice.fr\/index.php\/prise-de-rendez-vous\/&#8221; button_text=&#8221;Me contacter&#8221; admin_label=&#8221;Appel d&#8217;action&#8221; _builder_version=&#8221;3.0.47&#8243; header_font=&#8221;|on|||&#8221; background_color=&#8221;none&#8221; background_size=&#8221;initial&#8221; background_position=&#8221;top_left&#8221; background_repeat=&#8221;repeat&#8221; use_border_color=&#8221;off&#8221; border_color=&#8221;#ffffff&#8221; border_width=&#8221;1px&#8221; border_style=&#8221;solid&#8221;][\/et_pb_cta][\/et_pb_column][\/et_pb_row][\/et_pb_section]\n","protected":false},"excerpt":{"rendered":"<p>[et_pb_section fb_built=&#8221;1&#8243; fullwidth=&#8221;on&#8221; admin_label=&#8221;section&#8221; _builder_version=&#8221;3.0.47&#8243; transparent_background=&#8221;off&#8221;][et_pb_fullwidth_slider admin_label=&#8221;Fullwidth Slider&#8221; _builder_version=&#8221;3.0.47&#8243; header_text_color=&#8221;#000000&#8243; header_font_size=&#8221;49&#8243; background_size=&#8221;default&#8221; background_position=&#8221;default&#8221; box_shadow_style=&#8221;preset6&#8243; box_shadow_blur=&#8221;10px&#8221; box_shadow_color=&#8221;rgba(0,0,0,0.1)&#8221; custom_padding=&#8221;|||&#8221; custom_padding_tablet=&#8221;|||&#8221; custom_padding_phone=&#8221;|||&#8221; remove_inner_shadow=&#8221;off&#8221; hide_content_on_mobile=&#8221;off&#8221; hide_cta_on_mobile=&#8221;off&#8221; show_inner_shadow=&#8221;on&#8221;][et_pb_slide heading=&#8221;S&#8217;ENGAGER EN TOUTE TRANQUILIT\u00c9&#8221; button_text=&#8221;En savoir plus&#8221; use_bg_overlay=&#8221;off&#8221; use_text_overlay=&#8221;off&#8221; _builder_version=&#8221;3.0.47&#8243; header_font=&#8221;|on|||&#8221; header_text_color=&#8221;#ffffff&#8221; header_font_size=&#8221;80&#8243; header_font_size_tablet=&#8221;80&#8243; header_font_size_phone=&#8221;33&#8243; header_font_size_last_edited=&#8221;on|phone&#8221; body_font=&#8221;||||&#8221; background_image=&#8221;http:\/\/www.avocat-benefice.fr\/wp-content\/uploads\/2017\/02\/signature-389933.jpg&#8221; background_size=&#8221;default&#8221; background_position=&#8221;default&#8221; button_icon_placement=&#8221;right&#8221; button_on_hover=&#8221;on&#8221;] [\/et_pb_slide][\/et_pb_fullwidth_slider][\/et_pb_section][et_pb_section fb_built=&#8221;1&#8243; admin_label=&#8221;section&#8221; _builder_version=&#8221;3.0.47&#8243; transparent_background=&#8221;off&#8221;][et_pb_row admin_label=&#8221;row&#8221; _builder_version=&#8221;3.0.47&#8243; background_size=&#8221;initial&#8221; background_position=&#8221;top_left&#8221; background_repeat=&#8221;repeat&#8221;][et_pb_column [&hellip;]<\/p>\n","protected":false},"author":1,"featured_media":0,"parent":0,"menu_order":0,"comment_status":"closed","ping_status":"closed","template":"","meta":[],"_links":{"self":[{"href":"https:\/\/www.avocat-benefice.fr\/index.php\/wp-json\/wp\/v2\/pages\/559"}],"collection":[{"href":"https:\/\/www.avocat-benefice.fr\/index.php\/wp-json\/wp\/v2\/pages"}],"about":[{"href":"https:\/\/www.avocat-benefice.fr\/index.php\/wp-json\/wp\/v2\/types\/page"}],"author":[{"embeddable":true,"href":"https:\/\/www.avocat-benefice.fr\/index.php\/wp-json\/wp\/v2\/users\/1"}],"replies":[{"embeddable":true,"href":"https:\/\/www.avocat-benefice.fr\/index.php\/wp-json\/wp\/v2\/comments?post=559"}],"version-history":[{"count":40,"href":"https:\/\/www.avocat-benefice.fr\/index.php\/wp-json\/wp\/v2\/pages\/559\/revisions"}],"predecessor-version":[{"id":1222,"href":"https:\/\/www.avocat-benefice.fr\/index.php\/wp-json\/wp\/v2\/pages\/559\/revisions\/1222"}],"wp:attachment":[{"href":"https:\/\/www.avocat-benefice.fr\/index.php\/wp-json\/wp\/v2\/media?parent=559"}],"curies":[{"name":"wp","href":"https:\/\/api.w.org\/{rel}","templated":true}]}}